{"id":104,"date":"2026-03-27T11:40:12","date_gmt":"2026-03-27T11:40:12","guid":{"rendered":"http:\/\/www.ruposhikotiruoka.fi\/?post_type=product&#038;p=104"},"modified":"2026-03-27T11:40:13","modified_gmt":"2026-03-27T11:40:13","slug":"bhuna-khichuri","status":"publish","type":"product","link":"http:\/\/www.ruposhikotiruoka.fi\/index.php\/product\/bhuna-khichuri\/","title":{"rendered":"Bhuna khichuri"},"content":{"rendered":"<p><span style=\"font-weight: 400;\">Basmatiriisi, linssit, sipuli, valkosipuli, inkiv\u00e4\u00e4ri, chili, kurkuma, kasvi\u00f6ljy, gorom masala, suola<\/span><\/p>\n","protected":false},"excerpt":{"rendered":"<p>Basmatiriisi, linssit, sipuli, valkosipuli, inkiv\u00e4\u00e4ri, chili, kurkuma, kasvi\u00f6ljy, gorom masala, suola<\/p>\n","protected":false},"featured_media":105,"comment_status":"open","ping_status":"closed","template":"","meta":[],"product_brand":[],"product_cat":[51],"product_tag":[76,77,66,67],"class_list":{"0":"post-104","1":"product","2":"type-product","3":"status-publish","4":"has-post-thumbnail","6":"product_cat-paaruoka","7":"product_tag-khichuri","8":"product_tag-lentilandrice","9":"product_tag-rice","10":"product_tag-riisi","12":"first","13":"instock","14":"shipping-taxable","15":"purchasable","16":"product-type-simple"},"jetpack_sharing_enabled":true,"_links":{"self":[{"href":"http:\/\/www.ruposhikotiruoka.fi\/index.php\/wp-json\/wp\/v2\/product\/104","targetHints":{"allow":["GET"]}}],"collection":[{"href":"http:\/\/www.ruposhikotiruoka.fi\/index.php\/wp-json\/wp\/v2\/product"}],"about":[{"href":"http:\/\/www.ruposhikotiruoka.fi\/index.php\/wp-json\/wp\/v2\/types\/product"}],"replies":[{"embeddable":true,"href":"http:\/\/www.ruposhikotiruoka.fi\/index.php\/wp-json\/wp\/v2\/comments?post=104"}],"wp:featuredmedia":[{"embeddable":true,"href":"http:\/\/www.ruposhikotiruoka.fi\/index.php\/wp-json\/wp\/v2\/media\/105"}],"wp:attachment":[{"href":"http:\/\/www.ruposhikotiruoka.fi\/index.php\/wp-json\/wp\/v2\/media?parent=104"}],"wp:term":[{"taxonomy":"product_brand","embeddable":true,"href":"http:\/\/www.ruposhikotiruoka.fi\/index.php\/wp-json\/wp\/v2\/product_brand?post=104"},{"taxonomy":"product_cat","embeddable":true,"href":"http:\/\/www.ruposhikotiruoka.fi\/index.php\/wp-json\/wp\/v2\/product_cat?post=104"},{"taxonomy":"product_tag","embeddable":true,"href":"http:\/\/www.ruposhikotiruoka.fi\/index.php\/wp-json\/wp\/v2\/product_tag?post=104"}],"curies":[{"name":"wp","href":"https:\/\/api.w.org\/{rel}","templated":true}]}}