{"id":109,"date":"2026-03-27T11:44:58","date_gmt":"2026-03-27T11:44:58","guid":{"rendered":"http:\/\/www.ruposhikotiruoka.fi\/?post_type=product&#038;p=109"},"modified":"2026-03-27T11:44:59","modified_gmt":"2026-03-27T11:44:59","slug":"kanamuna-curry","status":"publish","type":"product","link":"http:\/\/www.ruposhikotiruoka.fi\/index.php\/product\/kanamuna-curry\/","title":{"rendered":"Kanamuna Curry"},"content":{"rendered":"<p><span style=\"font-weight: 400;\">Kanamuna,paprika,peruna, tomaatti, sipuli,valkosipuli, inkiv\u00e4\u00e4ri, tomaatti, sipuli,valkosipuli, inkiv\u00e4\u00e4ri, yrtit, chilijauhe, kurkumajauhe<\/span><\/p>\n","protected":false},"excerpt":{"rendered":"<p>Kanamuna,paprika,peruna, tomaatti, sipuli,valkosipuli, inkiv\u00e4\u00e4ri, tomaatti, sipuli,valkosipuli, inkiv\u00e4\u00e4ri, yrtit, chilijauhe, kurkumajauhe<\/p>\n","protected":false},"featured_media":110,"comment_status":"open","ping_status":"closed","template":"","meta":[],"product_brand":[],"product_cat":[51],"product_tag":[79,80,78],"class_list":{"0":"post-109","1":"product","2":"type-product","3":"status-publish","4":"has-post-thumbnail","6":"product_cat-paaruoka","7":"product_tag-egg","8":"product_tag-eggcurry","9":"product_tag-kanamuna","11":"first","12":"instock","13":"shipping-taxable","14":"purchasable","15":"product-type-simple"},"jetpack_sharing_enabled":true,"_links":{"self":[{"href":"http:\/\/www.ruposhikotiruoka.fi\/index.php\/wp-json\/wp\/v2\/product\/109","targetHints":{"allow":["GET"]}}],"collection":[{"href":"http:\/\/www.ruposhikotiruoka.fi\/index.php\/wp-json\/wp\/v2\/product"}],"about":[{"href":"http:\/\/www.ruposhikotiruoka.fi\/index.php\/wp-json\/wp\/v2\/types\/product"}],"replies":[{"embeddable":true,"href":"http:\/\/www.ruposhikotiruoka.fi\/index.php\/wp-json\/wp\/v2\/comments?post=109"}],"wp:featuredmedia":[{"embeddable":true,"href":"http:\/\/www.ruposhikotiruoka.fi\/index.php\/wp-json\/wp\/v2\/media\/110"}],"wp:attachment":[{"href":"http:\/\/www.ruposhikotiruoka.fi\/index.php\/wp-json\/wp\/v2\/media?parent=109"}],"wp:term":[{"taxonomy":"product_brand","embeddable":true,"href":"http:\/\/www.ruposhikotiruoka.fi\/index.php\/wp-json\/wp\/v2\/product_brand?post=109"},{"taxonomy":"product_cat","embeddable":true,"href":"http:\/\/www.ruposhikotiruoka.fi\/index.php\/wp-json\/wp\/v2\/product_cat?post=109"},{"taxonomy":"product_tag","embeddable":true,"href":"http:\/\/www.ruposhikotiruoka.fi\/index.php\/wp-json\/wp\/v2\/product_tag?post=109"}],"curies":[{"name":"wp","href":"https:\/\/api.w.org\/{rel}","templated":true}]}}