{"id":188,"date":"2026-03-27T16:25:34","date_gmt":"2026-03-27T16:25:34","guid":{"rendered":"http:\/\/www.ruposhikotiruoka.fi\/?post_type=product&#038;p=188"},"modified":"2026-03-27T16:25:35","modified_gmt":"2026-03-27T16:25:35","slug":"4-kpl-naudan-biriani-ateria","status":"publish","type":"product","link":"http:\/\/www.ruposhikotiruoka.fi\/index.php\/product\/4-kpl-naudan-biriani-ateria\/","title":{"rendered":"4 KPL Naudan Biriani Ateria"},"content":{"rendered":"<p><span style=\"font-weight: 400;\">Herkullinen ja tuore naudan biriani ateria, joka on t\u00e4ynn\u00e4 mausteista makua ja t\u00e4ytt\u00e4\u00e4 ruokahalun yhdell\u00e4 istumalla<\/span><\/p>\n","protected":false},"excerpt":{"rendered":"<p>Herkullinen ja tuore naudan biriani ateria, joka on t\u00e4ynn\u00e4 mausteista makua ja t\u00e4ytt\u00e4\u00e4 ruokahalun yhdell\u00e4 istumalla<\/p>\n","protected":false},"featured_media":151,"comment_status":"open","ping_status":"closed","template":"","meta":[],"product_brand":[],"product_cat":[94],"product_tag":[20,100,99],"class_list":{"0":"post-188","1":"product","2":"type-product","3":"status-publish","4":"has-post-thumbnail","6":"product_cat-combo","7":"product_tag-beef","8":"product_tag-biriani","9":"product_tag-naudan","11":"first","12":"instock","13":"shipping-taxable","14":"purchasable","15":"product-type-simple"},"jetpack_sharing_enabled":true,"_links":{"self":[{"href":"http:\/\/www.ruposhikotiruoka.fi\/index.php\/wp-json\/wp\/v2\/product\/188","targetHints":{"allow":["GET"]}}],"collection":[{"href":"http:\/\/www.ruposhikotiruoka.fi\/index.php\/wp-json\/wp\/v2\/product"}],"about":[{"href":"http:\/\/www.ruposhikotiruoka.fi\/index.php\/wp-json\/wp\/v2\/types\/product"}],"replies":[{"embeddable":true,"href":"http:\/\/www.ruposhikotiruoka.fi\/index.php\/wp-json\/wp\/v2\/comments?post=188"}],"wp:featuredmedia":[{"embeddable":true,"href":"http:\/\/www.ruposhikotiruoka.fi\/index.php\/wp-json\/wp\/v2\/media\/151"}],"wp:attachment":[{"href":"http:\/\/www.ruposhikotiruoka.fi\/index.php\/wp-json\/wp\/v2\/media?parent=188"}],"wp:term":[{"taxonomy":"product_brand","embeddable":true,"href":"http:\/\/www.ruposhikotiruoka.fi\/index.php\/wp-json\/wp\/v2\/product_brand?post=188"},{"taxonomy":"product_cat","embeddable":true,"href":"http:\/\/www.ruposhikotiruoka.fi\/index.php\/wp-json\/wp\/v2\/product_cat?post=188"},{"taxonomy":"product_tag","embeddable":true,"href":"http:\/\/www.ruposhikotiruoka.fi\/index.php\/wp-json\/wp\/v2\/product_tag?post=188"}],"curies":[{"name":"wp","href":"https:\/\/api.w.org\/{rel}","templated":true}]}}