{"id":189,"date":"2026-03-27T16:28:24","date_gmt":"2026-03-27T16:28:24","guid":{"rendered":"http:\/\/www.ruposhikotiruoka.fi\/?post_type=product&#038;p=189"},"modified":"2026-03-27T16:28:25","modified_gmt":"2026-03-27T16:28:25","slug":"4-kpl-lohicurry-ruti-ateria","status":"publish","type":"product","link":"http:\/\/www.ruposhikotiruoka.fi\/index.php\/product\/4-kpl-lohicurry-ruti-ateria\/","title":{"rendered":"4 KPL Lohicurry &#038; Ruti Ateria"},"content":{"rendered":"<p><span style=\"font-weight: 400;\">4 KPL Lohicurry &amp; Ruti Ateria &#8211; Herkulliset ja ravitsevat lohicurryateriat tarjoavat t\u00e4ydellisen yhdistelm\u00e4n maukasta lohta, mausteista currykastiketta ja vasta paistettuja ruti-leipi\u00e4. <\/span><\/p>\n","protected":false},"excerpt":{"rendered":"<p>4 KPL Lohicurry &amp; Ruti Ateria &#8211; Herkulliset ja ravitsevat lohicurryateriat tarjoavat t\u00e4ydellisen yhdistelm\u00e4n maukasta lohta, mausteista currykastiketta ja vasta paistettuja ruti-leipi\u00e4.<\/p>\n","protected":false},"featured_media":169,"comment_status":"open","ping_status":"closed","template":"","meta":[],"product_brand":[],"product_cat":[94],"product_tag":[95,33,32],"class_list":{"0":"post-189","1":"product","2":"type-product","3":"status-publish","4":"has-post-thumbnail","6":"product_cat-combo","7":"product_tag-curry","8":"product_tag-lohi","9":"product_tag-salmon","11":"first","12":"instock","13":"shipping-taxable","14":"purchasable","15":"product-type-simple"},"jetpack_sharing_enabled":true,"_links":{"self":[{"href":"http:\/\/www.ruposhikotiruoka.fi\/index.php\/wp-json\/wp\/v2\/product\/189","targetHints":{"allow":["GET"]}}],"collection":[{"href":"http:\/\/www.ruposhikotiruoka.fi\/index.php\/wp-json\/wp\/v2\/product"}],"about":[{"href":"http:\/\/www.ruposhikotiruoka.fi\/index.php\/wp-json\/wp\/v2\/types\/product"}],"replies":[{"embeddable":true,"href":"http:\/\/www.ruposhikotiruoka.fi\/index.php\/wp-json\/wp\/v2\/comments?post=189"}],"wp:featuredmedia":[{"embeddable":true,"href":"http:\/\/www.ruposhikotiruoka.fi\/index.php\/wp-json\/wp\/v2\/media\/169"}],"wp:attachment":[{"href":"http:\/\/www.ruposhikotiruoka.fi\/index.php\/wp-json\/wp\/v2\/media?parent=189"}],"wp:term":[{"taxonomy":"product_brand","embeddable":true,"href":"http:\/\/www.ruposhikotiruoka.fi\/index.php\/wp-json\/wp\/v2\/product_brand?post=189"},{"taxonomy":"product_cat","embeddable":true,"href":"http:\/\/www.ruposhikotiruoka.fi\/index.php\/wp-json\/wp\/v2\/product_cat?post=189"},{"taxonomy":"product_tag","embeddable":true,"href":"http:\/\/www.ruposhikotiruoka.fi\/index.php\/wp-json\/wp\/v2\/product_tag?post=189"}],"curies":[{"name":"wp","href":"https:\/\/api.w.org\/{rel}","templated":true}]}}