{"id":38,"date":"2026-03-27T08:14:49","date_gmt":"2026-03-27T08:14:49","guid":{"rendered":"http:\/\/www.ruposhikotiruoka.fi\/?post_type=product&#038;p=38"},"modified":"2026-03-27T08:20:09","modified_gmt":"2026-03-27T08:20:09","slug":"yksinkertainen-kasviscurry-ateria","status":"publish","type":"product","link":"http:\/\/www.ruposhikotiruoka.fi\/index.php\/product\/yksinkertainen-kasviscurry-ateria\/","title":{"rendered":"Yksinkertainen kasviscurry Ateria"},"content":{"rendered":"<p><span style=\"font-weight: 400;\">Ainekset: Kasviscurry, Riisi,Salaatti<\/span><\/p>\n","protected":false},"excerpt":{"rendered":"<p>Ainekset: P\u00e4hkin\u00f6it\u00e4, kasviksia, sipuli, valkosipuli, inkiv\u00e4\u00e4ri, kuivayrtit, riisi, salaatti<\/p>\n","protected":false},"featured_media":39,"comment_status":"open","ping_status":"closed","template":"","meta":[],"product_brand":[],"product_cat":[23],"product_tag":[24,27,26,25],"class_list":{"0":"post-38","1":"product","2":"type-product","3":"status-publish","4":"has-post-thumbnail","6":"product_cat-yksinkertainen-ateria","7":"product_tag-kasvisateria","8":"product_tag-nuts","9":"product_tag-vegetables","10":"product_tag-vegetarianmeal","12":"first","13":"instock","14":"shipping-taxable","15":"purchasable","16":"product-type-simple"},"jetpack_sharing_enabled":true,"_links":{"self":[{"href":"http:\/\/www.ruposhikotiruoka.fi\/index.php\/wp-json\/wp\/v2\/product\/38","targetHints":{"allow":["GET"]}}],"collection":[{"href":"http:\/\/www.ruposhikotiruoka.fi\/index.php\/wp-json\/wp\/v2\/product"}],"about":[{"href":"http:\/\/www.ruposhikotiruoka.fi\/index.php\/wp-json\/wp\/v2\/types\/product"}],"replies":[{"embeddable":true,"href":"http:\/\/www.ruposhikotiruoka.fi\/index.php\/wp-json\/wp\/v2\/comments?post=38"}],"wp:featuredmedia":[{"embeddable":true,"href":"http:\/\/www.ruposhikotiruoka.fi\/index.php\/wp-json\/wp\/v2\/media\/39"}],"wp:attachment":[{"href":"http:\/\/www.ruposhikotiruoka.fi\/index.php\/wp-json\/wp\/v2\/media?parent=38"}],"wp:term":[{"taxonomy":"product_brand","embeddable":true,"href":"http:\/\/www.ruposhikotiruoka.fi\/index.php\/wp-json\/wp\/v2\/product_brand?post=38"},{"taxonomy":"product_cat","embeddable":true,"href":"http:\/\/www.ruposhikotiruoka.fi\/index.php\/wp-json\/wp\/v2\/product_cat?post=38"},{"taxonomy":"product_tag","embeddable":true,"href":"http:\/\/www.ruposhikotiruoka.fi\/index.php\/wp-json\/wp\/v2\/product_tag?post=38"}],"curies":[{"name":"wp","href":"https:\/\/api.w.org\/{rel}","templated":true}]}}