{"id":89,"date":"2026-03-27T11:27:01","date_gmt":"2026-03-27T11:27:01","guid":{"rendered":"http:\/\/www.ruposhikotiruoka.fi\/?post_type=product&#038;p=89"},"modified":"2026-03-27T11:27:01","modified_gmt":"2026-03-27T11:27:01","slug":"kasviscurry","status":"publish","type":"product","link":"http:\/\/www.ruposhikotiruoka.fi\/index.php\/product\/kasviscurry\/","title":{"rendered":"Kasviscurry"},"content":{"rendered":"<p><span style=\"font-weight: 400;\">Kukkakaali, paprika, peruna, p\u00e4hkinoit\u00e4, tomaatti, sipuli, valkosipuli, inkiv\u00e4\u00e4ri, porkkana<\/span><\/p>\n","protected":false},"excerpt":{"rendered":"<p>Kukkakaali, paprika, peruna, p\u00e4hkinoit\u00e4, tomaatti, sipuli, valkosipuli, inkiv\u00e4\u00e4ri, porkkana<\/p>\n","protected":false},"featured_media":90,"comment_status":"open","ping_status":"closed","template":"","meta":[],"product_brand":[],"product_cat":[51],"product_tag":[30,39,25],"class_list":{"0":"post-89","1":"product","2":"type-product","3":"status-publish","4":"has-post-thumbnail","6":"product_cat-paaruoka","7":"product_tag-kasvis","8":"product_tag-vegetarian","9":"product_tag-vegetarianmeal","11":"first","12":"instock","13":"shipping-taxable","14":"purchasable","15":"product-type-simple"},"jetpack_sharing_enabled":true,"_links":{"self":[{"href":"http:\/\/www.ruposhikotiruoka.fi\/index.php\/wp-json\/wp\/v2\/product\/89","targetHints":{"allow":["GET"]}}],"collection":[{"href":"http:\/\/www.ruposhikotiruoka.fi\/index.php\/wp-json\/wp\/v2\/product"}],"about":[{"href":"http:\/\/www.ruposhikotiruoka.fi\/index.php\/wp-json\/wp\/v2\/types\/product"}],"replies":[{"embeddable":true,"href":"http:\/\/www.ruposhikotiruoka.fi\/index.php\/wp-json\/wp\/v2\/comments?post=89"}],"wp:featuredmedia":[{"embeddable":true,"href":"http:\/\/www.ruposhikotiruoka.fi\/index.php\/wp-json\/wp\/v2\/media\/90"}],"wp:attachment":[{"href":"http:\/\/www.ruposhikotiruoka.fi\/index.php\/wp-json\/wp\/v2\/media?parent=89"}],"wp:term":[{"taxonomy":"product_brand","embeddable":true,"href":"http:\/\/www.ruposhikotiruoka.fi\/index.php\/wp-json\/wp\/v2\/product_brand?post=89"},{"taxonomy":"product_cat","embeddable":true,"href":"http:\/\/www.ruposhikotiruoka.fi\/index.php\/wp-json\/wp\/v2\/product_cat?post=89"},{"taxonomy":"product_tag","embeddable":true,"href":"http:\/\/www.ruposhikotiruoka.fi\/index.php\/wp-json\/wp\/v2\/product_tag?post=89"}],"curies":[{"name":"wp","href":"https:\/\/api.w.org\/{rel}","templated":true}]}}