{"id":96,"date":"2026-03-27T11:33:38","date_gmt":"2026-03-27T11:33:38","guid":{"rendered":"http:\/\/www.ruposhikotiruoka.fi\/?post_type=product&#038;p=96"},"modified":"2026-04-11T15:02:30","modified_gmt":"2026-04-11T15:02:30","slug":"dalbhat","status":"publish","type":"product","link":"http:\/\/www.ruposhikotiruoka.fi\/index.php\/product\/dalbhat\/","title":{"rendered":"Dalbhat"},"content":{"rendered":"<p><span style=\"font-weight: 400;\">Linssit, riisi, valkosipuli, sipuli, tomaatti, kuumat mausteet, inkiv\u00e4\u00e4ri, rypsl\u00f6ljy, kurkuma, suola, paprika, pachforon<\/span><\/p>\n","protected":false},"excerpt":{"rendered":"<p>Linssit, riisi, valkosipuli, sipuli, tomaatti, kuumat mausteet, inkiv\u00e4\u00e4ri, rypsl\u00f6ljy, kurkuma, suola, paprika, pachforon<\/p>\n","protected":false},"featured_media":97,"comment_status":"open","ping_status":"closed","template":"","meta":[],"product_brand":[],"product_cat":[51],"product_tag":[70,69,66,67,103,104],"class_list":{"0":"post-96","1":"product","2":"type-product","3":"status-publish","4":"has-post-thumbnail","6":"product_cat-paaruoka","7":"product_tag-lentilsoup","8":"product_tag-linssi","9":"product_tag-rice","10":"product_tag-riisi","11":"product_tag-vegaani","12":"product_tag-vegan","14":"first","15":"instock","16":"featured","17":"shipping-taxable","18":"purchasable","19":"product-type-simple"},"jetpack_sharing_enabled":true,"_links":{"self":[{"href":"http:\/\/www.ruposhikotiruoka.fi\/index.php\/wp-json\/wp\/v2\/product\/96","targetHints":{"allow":["GET"]}}],"collection":[{"href":"http:\/\/www.ruposhikotiruoka.fi\/index.php\/wp-json\/wp\/v2\/product"}],"about":[{"href":"http:\/\/www.ruposhikotiruoka.fi\/index.php\/wp-json\/wp\/v2\/types\/product"}],"replies":[{"embeddable":true,"href":"http:\/\/www.ruposhikotiruoka.fi\/index.php\/wp-json\/wp\/v2\/comments?post=96"}],"wp:featuredmedia":[{"embeddable":true,"href":"http:\/\/www.ruposhikotiruoka.fi\/index.php\/wp-json\/wp\/v2\/media\/97"}],"wp:attachment":[{"href":"http:\/\/www.ruposhikotiruoka.fi\/index.php\/wp-json\/wp\/v2\/media?parent=96"}],"wp:term":[{"taxonomy":"product_brand","embeddable":true,"href":"http:\/\/www.ruposhikotiruoka.fi\/index.php\/wp-json\/wp\/v2\/product_brand?post=96"},{"taxonomy":"product_cat","embeddable":true,"href":"http:\/\/www.ruposhikotiruoka.fi\/index.php\/wp-json\/wp\/v2\/product_cat?post=96"},{"taxonomy":"product_tag","embeddable":true,"href":"http:\/\/www.ruposhikotiruoka.fi\/index.php\/wp-json\/wp\/v2\/product_tag?post=96"}],"curies":[{"name":"wp","href":"https:\/\/api.w.org\/{rel}","templated":true}]}}